{"id":2742,"date":"2020-07-17T13:44:45","date_gmt":"2020-07-17T13:44:45","guid":{"rendered":"https:\/\/youhavetherightco.org\/about\/"},"modified":"2024-01-04T20:36:14","modified_gmt":"2024-01-04T20:36:14","slug":"acerca-de-nosotros","status":"publish","type":"page","link":"https:\/\/youhavetherightco.org\/es\/acerca-de-nosotros\/","title":{"rendered":"Acerca de nosotros"},"content":{"rendered":"<div class=\"wpb-content-wrapper\"><p>[vc_row][vc_column][vc_column_text]<\/p>\n<h1><span data-sheets-root=\"1\" data-sheets-value=\"{&quot;1&quot;:2,&quot;2&quot;:&quot;Acerca de nosotros&quot;}\" data-sheets-userformat=\"{&quot;2&quot;:513,&quot;3&quot;:{&quot;1&quot;:0},&quot;12&quot;:0}\">Acerca de nosotros<\/span><\/h1>\n<p>[\/vc_column_text][\/vc_column][\/vc_row][vc_row][vc_column][vc_column_text]<span data-sheets-root=\"1\" data-sheets-value=\"{&quot;1&quot;:2,&quot;2&quot;:&quot;La campa\u00f1a Tienes derechos es un proyecto del Equipo de Cumplimiento Forense de Colorado (Colorado Forensic Compliance Team, FCT) y est\u00e1 manejado por la Coalici\u00f3n de Colorado contra la Agresi\u00f3n Sexual (Colorado Coalition Against Sexual Assault). El FCT es un grupo multidisciplinario estatal que trabaja para garantizar que la aplicaci\u00f3n de las leyes de cumplimiento forense de Colorado sea de forma centrada en la v\u00edctima, as\u00ed como para abordar cuestiones relacionadas con la pol\u00edtica y la pr\u00e1ctica de la agresi\u00f3n sexual.&quot;}\" data-sheets-userformat=\"{&quot;2&quot;:769,&quot;3&quot;:{&quot;1&quot;:0},&quot;11&quot;:4,&quot;12&quot;:0}\">La campa\u00f1a Tienes derechos es un proyecto del Equipo de Cumplimiento Forense de Colorado (Colorado Forensic Compliance Team, FCT) y est\u00e1 manejado por la Coalici\u00f3n de Colorado contra la Agresi\u00f3n Sexual (Colorado Coalition Against Sexual Assault). El FCT es un grupo multidisciplinario estatal que trabaja para garantizar que la aplicaci\u00f3n de las leyes de cumplimiento forense de Colorado sea de forma centrada en la v\u00edctima, as\u00ed como para abordar cuestiones relacionadas con la pol\u00edtica y la pr\u00e1ctica de la agresi\u00f3n sexual.<\/span>[\/vc_column_text][vc_column_text]<span data-sheets-root=\"1\" data-sheets-value=\"{&quot;1&quot;:2,&quot;2&quot;:&quot;Este sitio web cuenta con el apoyo de las subvenciones federales 2016-VA-GX-0070, 2017-VA-GX-0037, 2018-V2-GX-0050 otorgadas por la Oficina para las V\u00edctimas de Delitos, Oficina de Programas de Justicia, Departamento de Justicia de los Estados Unidos, a trav\u00e9s de la Divisi\u00f3n de Justicia Penal, Departamento de Seguridad P\u00fablica de Colorado. Las opiniones, resultados y conclusiones o recomendaciones expresadas en este sitio web son las del autor o autores y no reflejan necesariamente los puntos de vista del Departamento de Justicia de los Estados Unidos ni de la Divisi\u00f3n de Justicia Penal, Departamento de Seguridad P\u00fablica de Colorado.&quot;}\" data-sheets-userformat=\"{&quot;2&quot;:769,&quot;3&quot;:{&quot;1&quot;:0},&quot;11&quot;:4,&quot;12&quot;:0}\">Este sitio web cuenta con el apoyo de las subvenciones federales 2016-VA-GX-0070, 2017-VA-GX-0037, 2018-V2-GX-0050 otorgadas por la Oficina para las V\u00edctimas de Delitos, Oficina de Programas de Justicia, Departamento de Justicia de los Estados Unidos, a trav\u00e9s de la Divisi\u00f3n de Justicia Penal, Departamento de Seguridad P\u00fablica de Colorado. Las opiniones, resultados y conclusiones o recomendaciones expresadas en este sitio web son las del autor o autores y no reflejan necesariamente los puntos de vista del Departamento de Justicia de los Estados Unidos ni de la Divisi\u00f3n de Justicia Penal, Departamento de Seguridad P\u00fablica de Colorado.<\/span>[\/vc_column_text][\/vc_column][\/vc_row]<\/p>\n<\/div>","protected":false},"excerpt":{"rendered":"<p>[vc_row][vc_column][vc_column_text] Acerca de nosotros [\/vc_column_text][\/vc_column][\/vc_row][vc_row][vc_column][vc_column_text]La campa\u00f1a Tienes derechos es un proyecto del Equipo de Cumplimiento Forense de Colorado (Colorado Forensic Compliance Team, FCT) y est\u00e1 manejado por la Coalici\u00f3n de Colorado contra la Agresi\u00f3n Sexual (Colorado Coalition Against Sexual Assault). El FCT es un grupo multidisciplinario estatal que trabaja para garantizar que la aplicaci\u00f3n de &#8230; <a title=\"Acerca de nosotros\" class=\"read-more\" href=\"https:\/\/youhavetherightco.org\/es\/acerca-de-nosotros\/\" aria-label=\"Leer m\u00e1s sobre Acerca de nosotros\">Read more<\/a><\/p>\n","protected":false},"author":3,"featured_media":0,"parent":0,"menu_order":0,"comment_status":"closed","ping_status":"closed","template":"","meta":{"_acf_changed":false,"footnotes":""},"class_list":["post-2742","page","type-page","status-publish"],"acf":[],"yoast_head":"<!-- This site is optimized with the Yoast SEO plugin v27.4 - https:\/\/yoast.com\/product\/yoast-seo-wordpress\/ -->\n<title>Acerca de nosotros - Tiene el Derecho<\/title>\n<meta name=\"robots\" content=\"index, follow, max-snippet:-1, max-image-preview:large, max-video-preview:-1\" \/>\n<link rel=\"canonical\" href=\"https:\/\/youhavetherightco.org\/es\/sobre-nosotros\/\" \/>\n<meta property=\"og:locale\" content=\"es_ES\" \/>\n<meta property=\"og:type\" content=\"article\" \/>\n<meta property=\"og:title\" content=\"Acerca de nosotros - Tiene el Derecho\" \/>\n<meta property=\"og:description\" content=\"[vc_row][vc_column][vc_column_text] Acerca de nosotros [\/vc_column_text][\/vc_column][\/vc_row][vc_row][vc_column][vc_column_text]La campa\u00f1a Tienes derechos es un proyecto del Equipo de Cumplimiento Forense de Colorado (Colorado Forensic Compliance Team, FCT) y est\u00e1 manejado por la Coalici\u00f3n de Colorado contra la Agresi\u00f3n Sexual (Colorado Coalition Against Sexual Assault). El FCT es un grupo multidisciplinario estatal que trabaja para garantizar que la aplicaci\u00f3n de ... Read more\" \/>\n<meta property=\"og:url\" content=\"https:\/\/youhavetherightco.org\/es\/sobre-nosotros\/\" \/>\n<meta property=\"og:site_name\" content=\"Tiene el Derecho\" \/>\n<meta property=\"article:publisher\" content=\"https:\/\/www.facebook.com\/ccasa.colorado\" \/>\n<meta property=\"article:modified_time\" content=\"2024-01-04T20:36:14+00:00\" \/>\n<meta property=\"og:image\" content=\"https:\/\/youhavetherightco.org\/wp-content\/uploads\/2021\/02\/YHTR-social-share-graphic.jpg\" \/>\n\t<meta property=\"og:image:width\" content=\"1200\" \/>\n\t<meta property=\"og:image:height\" content=\"630\" \/>\n\t<meta property=\"og:image:type\" content=\"image\/jpeg\" \/>\n<meta name=\"twitter:card\" content=\"summary_large_image\" \/>\n<meta name=\"twitter:site\" content=\"@ccasacolorado\" \/>\n<meta name=\"twitter:label1\" content=\"Tiempo de lectura\" \/>\n\t<meta name=\"twitter:data1\" content=\"1 minuto\" \/>\n<script type=\"application\/ld+json\" class=\"yoast-schema-graph\">{\"@context\":\"https:\\\/\\\/schema.org\",\"@graph\":[{\"@type\":\"WebPage\",\"@id\":\"https:\\\/\\\/youhavetherightco.org\\\/es\\\/sobre-nosotros\\\/\",\"url\":\"https:\\\/\\\/youhavetherightco.org\\\/es\\\/sobre-nosotros\\\/\",\"name\":\"Acerca de nosotros - Tiene el Derecho\",\"isPartOf\":{\"@id\":\"https:\\\/\\\/youhavetherightco.org\\\/#website\"},\"datePublished\":\"2020-07-17T13:44:45+00:00\",\"dateModified\":\"2024-01-04T20:36:14+00:00\",\"breadcrumb\":{\"@id\":\"https:\\\/\\\/youhavetherightco.org\\\/es\\\/sobre-nosotros\\\/#breadcrumb\"},\"inLanguage\":\"es\",\"potentialAction\":[{\"@type\":\"ReadAction\",\"target\":[\"https:\\\/\\\/youhavetherightco.org\\\/es\\\/sobre-nosotros\\\/\"]}]},{\"@type\":\"BreadcrumbList\",\"@id\":\"https:\\\/\\\/youhavetherightco.org\\\/es\\\/sobre-nosotros\\\/#breadcrumb\",\"itemListElement\":[{\"@type\":\"ListItem\",\"position\":1,\"name\":\"Home\",\"item\":\"https:\\\/\\\/youhavetherightco.org\\\/es\\\/\"},{\"@type\":\"ListItem\",\"position\":2,\"name\":\"Sobre nosotros\"}]},{\"@type\":\"WebSite\",\"@id\":\"https:\\\/\\\/youhavetherightco.org\\\/#website\",\"url\":\"https:\\\/\\\/youhavetherightco.org\\\/\",\"name\":\"Tiene el Derecho\",\"description\":\"Sexual Assault Reporting Assistance in Colorado\",\"publisher\":{\"@id\":\"https:\\\/\\\/youhavetherightco.org\\\/#organization\"},\"potentialAction\":[{\"@type\":\"SearchAction\",\"target\":{\"@type\":\"EntryPoint\",\"urlTemplate\":\"https:\\\/\\\/youhavetherightco.org\\\/?s={search_term_string}\"},\"query-input\":{\"@type\":\"PropertyValueSpecification\",\"valueRequired\":true,\"valueName\":\"search_term_string\"}}],\"inLanguage\":\"es\"},{\"@type\":\"Organization\",\"@id\":\"https:\\\/\\\/youhavetherightco.org\\\/#organization\",\"name\":\"CCASA\",\"url\":\"https:\\\/\\\/youhavetherightco.org\\\/\",\"logo\":{\"@type\":\"ImageObject\",\"inLanguage\":\"es\",\"@id\":\"https:\\\/\\\/youhavetherightco.org\\\/#\\\/schema\\\/logo\\\/image\\\/\",\"url\":\"https:\\\/\\\/youhavetherightco.org\\\/wp-content\\\/uploads\\\/2017\\\/05\\\/yhtr-footer-logi.png\",\"contentUrl\":\"https:\\\/\\\/youhavetherightco.org\\\/wp-content\\\/uploads\\\/2017\\\/05\\\/yhtr-footer-logi.png\",\"width\":200,\"height\":66,\"caption\":\"CCASA\"},\"image\":{\"@id\":\"https:\\\/\\\/youhavetherightco.org\\\/#\\\/schema\\\/logo\\\/image\\\/\"},\"sameAs\":[\"https:\\\/\\\/www.facebook.com\\\/ccasa.colorado\",\"https:\\\/\\\/x.com\\\/ccasacolorado\"]}]}<\/script>\n<!-- \/ Yoast SEO plugin. -->","yoast_head_json":{"title":"Acerca de nosotros - Tiene el Derecho","robots":{"index":"index","follow":"follow","max-snippet":"max-snippet:-1","max-image-preview":"max-image-preview:large","max-video-preview":"max-video-preview:-1"},"canonical":"https:\/\/youhavetherightco.org\/es\/sobre-nosotros\/","og_locale":"es_ES","og_type":"article","og_title":"Acerca de nosotros - Tiene el Derecho","og_description":"[vc_row][vc_column][vc_column_text] Acerca de nosotros [\/vc_column_text][\/vc_column][\/vc_row][vc_row][vc_column][vc_column_text]La campa\u00f1a Tienes derechos es un proyecto del Equipo de Cumplimiento Forense de Colorado (Colorado Forensic Compliance Team, FCT) y est\u00e1 manejado por la Coalici\u00f3n de Colorado contra la Agresi\u00f3n Sexual (Colorado Coalition Against Sexual Assault). El FCT es un grupo multidisciplinario estatal que trabaja para garantizar que la aplicaci\u00f3n de ... Read more","og_url":"https:\/\/youhavetherightco.org\/es\/sobre-nosotros\/","og_site_name":"Tiene el Derecho","article_publisher":"https:\/\/www.facebook.com\/ccasa.colorado","article_modified_time":"2024-01-04T20:36:14+00:00","og_image":[{"width":1200,"height":630,"url":"https:\/\/youhavetherightco.org\/wp-content\/uploads\/2021\/02\/YHTR-social-share-graphic.jpg","type":"image\/jpeg"}],"twitter_card":"summary_large_image","twitter_site":"@ccasacolorado","twitter_misc":{"Tiempo de lectura":"1 minuto"},"schema":{"@context":"https:\/\/schema.org","@graph":[{"@type":"WebPage","@id":"https:\/\/youhavetherightco.org\/es\/sobre-nosotros\/","url":"https:\/\/youhavetherightco.org\/es\/sobre-nosotros\/","name":"Acerca de nosotros - Tiene el Derecho","isPartOf":{"@id":"https:\/\/youhavetherightco.org\/#website"},"datePublished":"2020-07-17T13:44:45+00:00","dateModified":"2024-01-04T20:36:14+00:00","breadcrumb":{"@id":"https:\/\/youhavetherightco.org\/es\/sobre-nosotros\/#breadcrumb"},"inLanguage":"es","potentialAction":[{"@type":"ReadAction","target":["https:\/\/youhavetherightco.org\/es\/sobre-nosotros\/"]}]},{"@type":"BreadcrumbList","@id":"https:\/\/youhavetherightco.org\/es\/sobre-nosotros\/#breadcrumb","itemListElement":[{"@type":"ListItem","position":1,"name":"Home","item":"https:\/\/youhavetherightco.org\/es\/"},{"@type":"ListItem","position":2,"name":"Sobre nosotros"}]},{"@type":"WebSite","@id":"https:\/\/youhavetherightco.org\/#website","url":"https:\/\/youhavetherightco.org\/","name":"Tiene el Derecho","description":"Sexual Assault Reporting Assistance in Colorado","publisher":{"@id":"https:\/\/youhavetherightco.org\/#organization"},"potentialAction":[{"@type":"SearchAction","target":{"@type":"EntryPoint","urlTemplate":"https:\/\/youhavetherightco.org\/?s={search_term_string}"},"query-input":{"@type":"PropertyValueSpecification","valueRequired":true,"valueName":"search_term_string"}}],"inLanguage":"es"},{"@type":"Organization","@id":"https:\/\/youhavetherightco.org\/#organization","name":"CCASA","url":"https:\/\/youhavetherightco.org\/","logo":{"@type":"ImageObject","inLanguage":"es","@id":"https:\/\/youhavetherightco.org\/#\/schema\/logo\/image\/","url":"https:\/\/youhavetherightco.org\/wp-content\/uploads\/2017\/05\/yhtr-footer-logi.png","contentUrl":"https:\/\/youhavetherightco.org\/wp-content\/uploads\/2017\/05\/yhtr-footer-logi.png","width":200,"height":66,"caption":"CCASA"},"image":{"@id":"https:\/\/youhavetherightco.org\/#\/schema\/logo\/image\/"},"sameAs":["https:\/\/www.facebook.com\/ccasa.colorado","https:\/\/x.com\/ccasacolorado"]}]}},"_links":{"self":[{"href":"https:\/\/youhavetherightco.org\/es\/wp-json\/wp\/v2\/pages\/2742","targetHints":{"allow":["GET"]}}],"collection":[{"href":"https:\/\/youhavetherightco.org\/es\/wp-json\/wp\/v2\/pages"}],"about":[{"href":"https:\/\/youhavetherightco.org\/es\/wp-json\/wp\/v2\/types\/page"}],"author":[{"embeddable":true,"href":"https:\/\/youhavetherightco.org\/es\/wp-json\/wp\/v2\/users\/3"}],"replies":[{"embeddable":true,"href":"https:\/\/youhavetherightco.org\/es\/wp-json\/wp\/v2\/comments?post=2742"}],"version-history":[{"count":0,"href":"https:\/\/youhavetherightco.org\/es\/wp-json\/wp\/v2\/pages\/2742\/revisions"}],"wp:attachment":[{"href":"https:\/\/youhavetherightco.org\/es\/wp-json\/wp\/v2\/media?parent=2742"}],"curies":[{"name":"wp","href":"https:\/\/api.w.org\/{rel}","templated":true}]}}