{"id":3379,"date":"2022-11-16T20:23:35","date_gmt":"2022-11-16T20:23:35","guid":{"rendered":"https:\/\/youhavetherightco.org\/?page_id=3379"},"modified":"2022-11-16T20:23:35","modified_gmt":"2022-11-16T20:23:35","slug":"politica-de-privacidad","status":"publish","type":"page","link":"https:\/\/youhavetherightco.org\/es\/politica-de-privacidad\/","title":{"rendered":"Pol\u00edtica de privacidad"},"content":{"rendered":"<div class=\"wpb-content-wrapper\"><p>[vc_row][vc_column][vc_column_text]La Coalici\u00f3n de Colorado contra la Agresi\u00f3n Sexual (CCASA) otorga una alta prioridad a la protecci\u00f3n de su privacidad. Esta pol\u00edtica de privacidad se cre\u00f3 con el fin de demostrar el firme compromiso de CCASA con la privacidad de los usuarios del sitio web. Esta pol\u00edtica explica qu\u00e9 tipos de informaci\u00f3n recopila el sitio web You Have The Right, https:\/\/youhavetherightco.org\/, y c\u00f3mo se utiliza esta informaci\u00f3n.<\/p>\n<p>QU\u00c9 INFORMACI\u00d3N DE IDENTIFICACI\u00d3N PERSONAL SE RECOPILA<\/p>\n<p>Los usuarios que se registran en youhavetherightco.org\u00a0nos proporcionan voluntariamente informaci\u00f3n de contacto (como nombre y direcci\u00f3n de correo electr\u00f3nico). Podemos utilizar esta informaci\u00f3n para fines espec\u00edficos y limitados. Siempre puede \u00aboptar por no recibir\u00bb, ya sea ahora o en cualquier momento en el futuro, si no desea recibir nuestros mensajes.<\/p>\n<p>DIRECCIONES IP<\/p>\n<p>CCASA utiliza su direcci\u00f3n IP para ayudar a diagnosticar problemas con nuestro servidor, para administrar youhavetherightco.org y para m\u00e9tricas estad\u00edsticas utilizadas para rastrear el tr\u00e1fico de visitantes del sitio web.<\/p>\n<p>GALLETAS<\/p>\n<p>youhavetherightco.org utiliza mensajes de \u00abcookie\u00bb para ayudar autom\u00e1ticamente a proporcionar mejores servicios. Nos recuerdan qui\u00e9n es usted y sus preferencias para nuestro sitio web en funci\u00f3n de lo que ha hecho y nos ha dicho antes. La \u00abcookie\u00bb se coloca en su computadora y se lee cuando regresa a nuestro sitio web. Las cookies nos permiten llevarlo a la informaci\u00f3n y las funciones que le interesan particularmente. Tambi\u00e9n nos permiten rastrear su uso de youhavetherightco.org, para que sepamos qu\u00e9 partes de nuestros sitios son m\u00e1s populares. Puede rechazar las cookies o cancelarlas instruy\u00e9ndolo en su navegador web en consecuencia.<\/p>\n<p>C\u00d3MO SE PUEDE UTILIZAR SU INFORMACI\u00d3N<\/p>\n<p>Usamos su informaci\u00f3n personal para brindarle un servicio personalizado; para enviarle alertas por correo electr\u00f3nico; para responder a sus solicitudes; para procesar su solicitud de membres\u00eda; etc. Puede optar por no participar en cualquier momento, lo que suspender\u00e1 todas nuestras comunicaciones. Tambi\u00e9n podemos usar su informaci\u00f3n para rastrear a los visitantes de nuestro sitio web. Esto nos permite ver cu\u00e1les de nuestras funciones son las m\u00e1s populares para que podamos atender mejor las necesidades de nuestros usuarios. Tambi\u00e9n nos permite proporcionar datos agregados sobre nuestro tr\u00e1fico (sin identificarlo personalmente, pero mostrando cu\u00e1ntos visitantes usaron qu\u00e9 funciones, por ejemplo) a terceros.<\/p>\n<p>PRIVACIDAD DE CORREO ELECTR\u00d3NICO<\/p>\n<p>CCASA no proporciona, vende o alquila direcciones de correo electr\u00f3nico a nadie fuera de la organizaci\u00f3n.<\/p>\n<p>ENLACES EXTERNOS<\/p>\n<p>youhavetherightco.org incluye enlaces a sitios web externos. Estos enlaces no pertenecen al dominio youhavetherightco.org, y CCASA no es responsable de las pr\u00e1cticas de privacidad ni del contenido de los sitios web externos. Su uso de cualquier sitio web vinculado es \u00fanicamente bajo su propio riesgo.<\/p>\n<p>MODIFICACIONES<\/p>\n<p>Podemos modificar esta pol\u00edtica de privacidad de vez en cuando; por favor rev\u00edselo peri\u00f3dicamente. Mantenemos la opci\u00f3n de modificar esta privacidad en cualquier momento mediante aviso electr\u00f3nico publicado en nuestro sitio web. Su uso continuado de nuestro sitio web despu\u00e9s de la fecha de publicaci\u00f3n de dichos avisos se considerar\u00e1 como su aceptaci\u00f3n de los t\u00e9rminos modificados.[\/vc_column_text][\/vc_column][\/vc_row]<\/p>\n<\/div>","protected":false},"excerpt":{"rendered":"<p>[vc_row][vc_column][vc_column_text]La Coalici\u00f3n de Colorado contra la Agresi\u00f3n Sexual (CCASA) otorga una alta prioridad a la protecci\u00f3n de su privacidad. Esta pol\u00edtica de privacidad se cre\u00f3 con el fin de demostrar el firme compromiso de CCASA con la privacidad de los usuarios del sitio web. Esta pol\u00edtica explica qu\u00e9 tipos de informaci\u00f3n recopila el sitio web &#8230; <a title=\"Pol\u00edtica de privacidad\" class=\"read-more\" href=\"https:\/\/youhavetherightco.org\/es\/politica-de-privacidad\/\" aria-label=\"Leer m\u00e1s sobre Pol\u00edtica de privacidad\">Read more<\/a><\/p>\n","protected":false},"author":3,"featured_media":0,"parent":0,"menu_order":0,"comment_status":"closed","ping_status":"closed","template":"","meta":{"_acf_changed":false,"footnotes":""},"class_list":["post-3379","page","type-page","status-publish"],"acf":[],"yoast_head":"<!-- This site is optimized with the Yoast SEO plugin v27.5 - https:\/\/yoast.com\/product\/yoast-seo-wordpress\/ -->\n<title>Pol\u00edtica de privacidad - Tiene el Derecho<\/title>\n<meta name=\"robots\" content=\"index, follow, max-snippet:-1, max-image-preview:large, max-video-preview:-1\" \/>\n<link rel=\"canonical\" href=\"https:\/\/youhavetherightco.org\/es\/politica-de-privacidad\/\" \/>\n<meta property=\"og:locale\" content=\"es_ES\" \/>\n<meta property=\"og:type\" content=\"article\" \/>\n<meta property=\"og:title\" content=\"Pol\u00edtica de privacidad - Tiene el Derecho\" \/>\n<meta property=\"og:description\" content=\"[vc_row][vc_column][vc_column_text]La Coalici\u00f3n de Colorado contra la Agresi\u00f3n Sexual (CCASA) otorga una alta prioridad a la protecci\u00f3n de su privacidad. Esta pol\u00edtica de privacidad se cre\u00f3 con el fin de demostrar el firme compromiso de CCASA con la privacidad de los usuarios del sitio web. Esta pol\u00edtica explica qu\u00e9 tipos de informaci\u00f3n recopila el sitio web ... Read more\" \/>\n<meta property=\"og:url\" content=\"https:\/\/youhavetherightco.org\/es\/politica-de-privacidad\/\" \/>\n<meta property=\"og:site_name\" content=\"Tiene el Derecho\" \/>\n<meta property=\"article:publisher\" content=\"https:\/\/www.facebook.com\/ccasa.colorado\" \/>\n<meta property=\"og:image\" content=\"https:\/\/youhavetherightco.org\/wp-content\/uploads\/2021\/02\/YHTR-social-share-graphic.jpg\" \/>\n\t<meta property=\"og:image:width\" content=\"1200\" \/>\n\t<meta property=\"og:image:height\" content=\"630\" \/>\n\t<meta property=\"og:image:type\" content=\"image\/jpeg\" \/>\n<meta name=\"twitter:card\" content=\"summary_large_image\" \/>\n<meta name=\"twitter:site\" content=\"@ccasacolorado\" \/>\n<meta name=\"twitter:label1\" content=\"Tiempo de lectura\" \/>\n\t<meta name=\"twitter:data1\" content=\"3 minutos\" \/>\n<script type=\"application\/ld+json\" class=\"yoast-schema-graph\">{\"@context\":\"https:\\\/\\\/schema.org\",\"@graph\":[{\"@type\":\"WebPage\",\"@id\":\"https:\\\/\\\/youhavetherightco.org\\\/es\\\/politica-de-privacidad\\\/\",\"url\":\"https:\\\/\\\/youhavetherightco.org\\\/es\\\/politica-de-privacidad\\\/\",\"name\":\"Pol\u00edtica de privacidad - Tiene el Derecho\",\"isPartOf\":{\"@id\":\"https:\\\/\\\/youhavetherightco.org\\\/#website\"},\"datePublished\":\"2022-11-16T20:23:35+00:00\",\"breadcrumb\":{\"@id\":\"https:\\\/\\\/youhavetherightco.org\\\/es\\\/politica-de-privacidad\\\/#breadcrumb\"},\"inLanguage\":\"es\",\"potentialAction\":[{\"@type\":\"ReadAction\",\"target\":[\"https:\\\/\\\/youhavetherightco.org\\\/es\\\/politica-de-privacidad\\\/\"]}]},{\"@type\":\"BreadcrumbList\",\"@id\":\"https:\\\/\\\/youhavetherightco.org\\\/es\\\/politica-de-privacidad\\\/#breadcrumb\",\"itemListElement\":[{\"@type\":\"ListItem\",\"position\":1,\"name\":\"Home\",\"item\":\"https:\\\/\\\/youhavetherightco.org\\\/es\\\/\"},{\"@type\":\"ListItem\",\"position\":2,\"name\":\"Pol\u00edtica de privacidad\"}]},{\"@type\":\"WebSite\",\"@id\":\"https:\\\/\\\/youhavetherightco.org\\\/#website\",\"url\":\"https:\\\/\\\/youhavetherightco.org\\\/\",\"name\":\"Tiene el Derecho\",\"description\":\"Sexual Assault Reporting Assistance in Colorado\",\"publisher\":{\"@id\":\"https:\\\/\\\/youhavetherightco.org\\\/#organization\"},\"potentialAction\":[{\"@type\":\"SearchAction\",\"target\":{\"@type\":\"EntryPoint\",\"urlTemplate\":\"https:\\\/\\\/youhavetherightco.org\\\/?s={search_term_string}\"},\"query-input\":{\"@type\":\"PropertyValueSpecification\",\"valueRequired\":true,\"valueName\":\"search_term_string\"}}],\"inLanguage\":\"es\"},{\"@type\":\"Organization\",\"@id\":\"https:\\\/\\\/youhavetherightco.org\\\/#organization\",\"name\":\"CCASA\",\"url\":\"https:\\\/\\\/youhavetherightco.org\\\/\",\"logo\":{\"@type\":\"ImageObject\",\"inLanguage\":\"es\",\"@id\":\"https:\\\/\\\/youhavetherightco.org\\\/#\\\/schema\\\/logo\\\/image\\\/\",\"url\":\"https:\\\/\\\/youhavetherightco.org\\\/wp-content\\\/uploads\\\/2017\\\/05\\\/yhtr-footer-logi.png\",\"contentUrl\":\"https:\\\/\\\/youhavetherightco.org\\\/wp-content\\\/uploads\\\/2017\\\/05\\\/yhtr-footer-logi.png\",\"width\":200,\"height\":66,\"caption\":\"CCASA\"},\"image\":{\"@id\":\"https:\\\/\\\/youhavetherightco.org\\\/#\\\/schema\\\/logo\\\/image\\\/\"},\"sameAs\":[\"https:\\\/\\\/www.facebook.com\\\/ccasa.colorado\",\"https:\\\/\\\/x.com\\\/ccasacolorado\"]}]}<\/script>\n<!-- \/ Yoast SEO plugin. -->","yoast_head_json":{"title":"Pol\u00edtica de privacidad - Tiene el Derecho","robots":{"index":"index","follow":"follow","max-snippet":"max-snippet:-1","max-image-preview":"max-image-preview:large","max-video-preview":"max-video-preview:-1"},"canonical":"https:\/\/youhavetherightco.org\/es\/politica-de-privacidad\/","og_locale":"es_ES","og_type":"article","og_title":"Pol\u00edtica de privacidad - Tiene el Derecho","og_description":"[vc_row][vc_column][vc_column_text]La Coalici\u00f3n de Colorado contra la Agresi\u00f3n Sexual (CCASA) otorga una alta prioridad a la protecci\u00f3n de su privacidad. Esta pol\u00edtica de privacidad se cre\u00f3 con el fin de demostrar el firme compromiso de CCASA con la privacidad de los usuarios del sitio web. Esta pol\u00edtica explica qu\u00e9 tipos de informaci\u00f3n recopila el sitio web ... Read more","og_url":"https:\/\/youhavetherightco.org\/es\/politica-de-privacidad\/","og_site_name":"Tiene el Derecho","article_publisher":"https:\/\/www.facebook.com\/ccasa.colorado","og_image":[{"width":1200,"height":630,"url":"https:\/\/youhavetherightco.org\/wp-content\/uploads\/2021\/02\/YHTR-social-share-graphic.jpg","type":"image\/jpeg"}],"twitter_card":"summary_large_image","twitter_site":"@ccasacolorado","twitter_misc":{"Tiempo de lectura":"3 minutos"},"schema":{"@context":"https:\/\/schema.org","@graph":[{"@type":"WebPage","@id":"https:\/\/youhavetherightco.org\/es\/politica-de-privacidad\/","url":"https:\/\/youhavetherightco.org\/es\/politica-de-privacidad\/","name":"Pol\u00edtica de privacidad - Tiene el Derecho","isPartOf":{"@id":"https:\/\/youhavetherightco.org\/#website"},"datePublished":"2022-11-16T20:23:35+00:00","breadcrumb":{"@id":"https:\/\/youhavetherightco.org\/es\/politica-de-privacidad\/#breadcrumb"},"inLanguage":"es","potentialAction":[{"@type":"ReadAction","target":["https:\/\/youhavetherightco.org\/es\/politica-de-privacidad\/"]}]},{"@type":"BreadcrumbList","@id":"https:\/\/youhavetherightco.org\/es\/politica-de-privacidad\/#breadcrumb","itemListElement":[{"@type":"ListItem","position":1,"name":"Home","item":"https:\/\/youhavetherightco.org\/es\/"},{"@type":"ListItem","position":2,"name":"Pol\u00edtica de privacidad"}]},{"@type":"WebSite","@id":"https:\/\/youhavetherightco.org\/#website","url":"https:\/\/youhavetherightco.org\/","name":"Tiene el Derecho","description":"Sexual Assault Reporting Assistance in Colorado","publisher":{"@id":"https:\/\/youhavetherightco.org\/#organization"},"potentialAction":[{"@type":"SearchAction","target":{"@type":"EntryPoint","urlTemplate":"https:\/\/youhavetherightco.org\/?s={search_term_string}"},"query-input":{"@type":"PropertyValueSpecification","valueRequired":true,"valueName":"search_term_string"}}],"inLanguage":"es"},{"@type":"Organization","@id":"https:\/\/youhavetherightco.org\/#organization","name":"CCASA","url":"https:\/\/youhavetherightco.org\/","logo":{"@type":"ImageObject","inLanguage":"es","@id":"https:\/\/youhavetherightco.org\/#\/schema\/logo\/image\/","url":"https:\/\/youhavetherightco.org\/wp-content\/uploads\/2017\/05\/yhtr-footer-logi.png","contentUrl":"https:\/\/youhavetherightco.org\/wp-content\/uploads\/2017\/05\/yhtr-footer-logi.png","width":200,"height":66,"caption":"CCASA"},"image":{"@id":"https:\/\/youhavetherightco.org\/#\/schema\/logo\/image\/"},"sameAs":["https:\/\/www.facebook.com\/ccasa.colorado","https:\/\/x.com\/ccasacolorado"]}]}},"_links":{"self":[{"href":"https:\/\/youhavetherightco.org\/es\/wp-json\/wp\/v2\/pages\/3379","targetHints":{"allow":["GET"]}}],"collection":[{"href":"https:\/\/youhavetherightco.org\/es\/wp-json\/wp\/v2\/pages"}],"about":[{"href":"https:\/\/youhavetherightco.org\/es\/wp-json\/wp\/v2\/types\/page"}],"author":[{"embeddable":true,"href":"https:\/\/youhavetherightco.org\/es\/wp-json\/wp\/v2\/users\/3"}],"replies":[{"embeddable":true,"href":"https:\/\/youhavetherightco.org\/es\/wp-json\/wp\/v2\/comments?post=3379"}],"version-history":[{"count":0,"href":"https:\/\/youhavetherightco.org\/es\/wp-json\/wp\/v2\/pages\/3379\/revisions"}],"wp:attachment":[{"href":"https:\/\/youhavetherightco.org\/es\/wp-json\/wp\/v2\/media?parent=3379"}],"curies":[{"name":"wp","href":"https:\/\/api.w.org\/{rel}","templated":true}]}}