{"id":4314,"date":"2020-07-17T13:44:45","date_gmt":"2020-07-17T13:44:45","guid":{"rendered":"https:\/\/youhavetherightco.org\/about\/"},"modified":"2024-01-29T17:15:17","modified_gmt":"2024-01-29T17:15:17","slug":"about","status":"publish","type":"page","link":"https:\/\/youhavetherightco.org\/vi\/about\/","title":{"rendered":"Gi\u1edbi thi\u1ec7u v\u1ec1 ch\u00fang t\u00f4i"},"content":{"rendered":"<div class=\"wpb-content-wrapper\"><p>[vc_row][vc_column][vc_column_text]<\/p>\n<h1>Gi\u1edbi thi\u1ec7u v\u1ec1 ch\u00fang t\u00f4i<\/h1>\n<p>[\/vc_column_text][\/vc_column][\/vc_row][vc_row][vc_column][vc_column_text]Chi\u1ebfn d\u1ecbch \u201cB\u1ea1n C\u00f3 Quy\u1ec1n\u201d l\u00e0 d\u1ef1 \u00e1n c\u1ee7a \u0110\u1ed9i Tu\u00e2n Th\u1ee7 &#8211; C\u01a1 Quan Ph\u00e1p Y Colorado (Colorado Forensic Compliance Team (FCT)) v\u00e0 do <a href=\"https:\/\/ccasa.org\" target=\"_blank\" rel=\"noopener\">Li\u00ean Minh Ch\u1ed1ng T\u1ea5n C\u00f4ng T\u00ecnh D\u1ee5c Colorado<\/a> (Colorado Coalition Against Sexual Assault) qu\u1ea3n l\u00fd. FCT l\u00e0 \u0111\u1ed9i ng\u0169 li\u00ean ng\u00e0nh c\u00f3 quy m\u00f4 to\u00e0n ti\u1ec3u bang chuy\u00ean ho\u1ea1t \u0111\u1ed9ng nh\u00e0m b\u1ea3o \u0111\u1ea3m vi\u1ec7c tri\u1ec3n khai lu\u1eadt ph\u00e1p y l\u1ea5y n\u1ea1n nh\u00e2n l\u00e0m trung t\u00e2m c\u1ee7a Colorado c\u0169ng nh\u01b0 gi\u1ea3i quy\u1ebft c\u00e1c v\u1ea5n \u0111\u1ec1 v\u1ec1 th\u1ef1c thi v\u00e0 ch\u00ednh s\u00e1ch li\u00ean quan \u0111\u1ebfn n\u1ea1n t\u1ea5n c\u00f4ng t\u00ecnh d\u1ee5c.[\/vc_column_text][vc_column_text]Trang web n\u00e0y \u0111\u01b0\u1ee3c t\u00e0i tr\u1ee3 b\u1eb1ng c\u00e1c kho\u1ea3n tr\u1ee3 c\u1ea5p li\u00ean bang s\u1ed1 hi\u1ec7u 2016-VA-GX-0070, 2017-VA-GX-0037, 2018-V2-GX-0050 do V\u0103n Ph\u00f2ng Ph\u1ee5 Tr\u00e1ch N\u1ea1n Nh\u00e2n C\u1ee7a T\u1ed9i Ph\u1ea1m (Office for Victims of Crime), V\u0103n Ph\u00f2ng \u0110\u1eb7c Tr\u00e1ch C\u00e1c Ch\u01b0\u01a1ng Tr\u00ecnh T\u01b0 Ph\u00e1p (Office of Justice Programs), B\u1ed9 T\u01b0 Ph\u00e1p Hoa K\u1ef3 (U.S. Department of Justice) ti\u1ebfn h\u00e0nh th\u00f4ng qua Ph\u00f2ng Ph\u00e1p L\u00fd H\u00ecnh S\u1ef1 (Division of Criminal Justice), C\u01a1 Quan An To\u00e0n C\u00f4ng C\u1ed9ng Colorado (Colorado Department of Public Safety). \u00dd ki\u1ebfn, k\u1ebft qu\u1ea3 \u0111i\u1ec1u tra, k\u1ebft lu\u1eadn ho\u1eb7c khuy\u1ebfn ngh\u1ecb \u0111\u01b0\u1ee3c di\u1ec5n t\u1ea3 trong trang web n\u00e0y l\u00e0 c\u1ee7a (c\u00e1c) t\u00e1c gi\u1ea3 v\u00e0 kh\u00f4ng nh\u1ea5t thi\u1ebft th\u1ec3 hi\u1ec7n quan \u0111i\u1ec3m c\u1ee7a B\u1ed9 T\u01b0 Ph\u00e1p Hoa K\u1ef3 hay Ph\u00f2ng Ph\u00e1p L\u00fd H\u00ecnh S\u1ef1, C\u01a1 Quan An To\u00e0n C\u00f4ng C\u1ed9ng Colorado.[\/vc_column_text][\/vc_column][\/vc_row]<\/p>\n<\/div>","protected":false},"excerpt":{"rendered":"<p>[vc_row][vc_column][vc_column_text] Gi\u1edbi thi\u1ec7u v\u1ec1 ch\u00fang t\u00f4i [\/vc_column_text][\/vc_column][\/vc_row][vc_row][vc_column][vc_column_text]Chi\u1ebfn d\u1ecbch \u201cB\u1ea1n C\u00f3 Quy\u1ec1n\u201d l\u00e0 d\u1ef1 \u00e1n c\u1ee7a \u0110\u1ed9i Tu\u00e2n Th\u1ee7 &#8211; C\u01a1 Quan Ph\u00e1p Y Colorado (Colorado Forensic Compliance Team (FCT)) v\u00e0 do Li\u00ean Minh Ch\u1ed1ng T\u1ea5n C\u00f4ng T\u00ecnh D\u1ee5c Colorado (Colorado Coalition Against Sexual Assault) qu\u1ea3n l\u00fd. FCT l\u00e0 \u0111\u1ed9i ng\u0169 li\u00ean ng\u00e0nh c\u00f3 quy m\u00f4 &#8230; <a title=\"Gi\u1edbi thi\u1ec7u v\u1ec1 ch\u00fang t\u00f4i\" class=\"read-more\" href=\"https:\/\/youhavetherightco.org\/vi\/about\/\" aria-label=\"Read more about Gi\u1edbi thi\u1ec7u v\u1ec1 ch\u00fang t\u00f4i\">Read more<\/a><\/p>\n","protected":false},"author":3,"featured_media":0,"parent":0,"menu_order":0,"comment_status":"closed","ping_status":"closed","template":"","meta":{"_acf_changed":false,"footnotes":""},"class_list":["post-4314","page","type-page","status-publish"],"acf":[],"yoast_head":"<!-- This site is optimized with the Yoast SEO plugin v27.4 - https:\/\/yoast.com\/product\/yoast-seo-wordpress\/ -->\n<title>Gi\u1edbi thi\u1ec7u v\u1ec1 ch\u00fang t\u00f4i - You Have the Right CO<\/title>\n<meta name=\"robots\" content=\"index, follow, max-snippet:-1, max-image-preview:large, max-video-preview:-1\" \/>\n<link rel=\"canonical\" href=\"https:\/\/youhavetherightco.org\/vi\/about\/\" \/>\n<meta property=\"og:locale\" content=\"vi_VN\" \/>\n<meta property=\"og:type\" content=\"article\" \/>\n<meta property=\"og:title\" content=\"Gi\u1edbi thi\u1ec7u v\u1ec1 ch\u00fang t\u00f4i - You Have the Right CO\" \/>\n<meta property=\"og:description\" content=\"[vc_row][vc_column][vc_column_text] Gi\u1edbi thi\u1ec7u v\u1ec1 ch\u00fang t\u00f4i [\/vc_column_text][\/vc_column][\/vc_row][vc_row][vc_column][vc_column_text]Chi\u1ebfn d\u1ecbch \u201cB\u1ea1n C\u00f3 Quy\u1ec1n\u201d l\u00e0 d\u1ef1 \u00e1n c\u1ee7a \u0110\u1ed9i Tu\u00e2n Th\u1ee7 &#8211; C\u01a1 Quan Ph\u00e1p Y Colorado (Colorado Forensic Compliance Team (FCT)) v\u00e0 do Li\u00ean Minh Ch\u1ed1ng T\u1ea5n C\u00f4ng T\u00ecnh D\u1ee5c Colorado (Colorado Coalition Against Sexual Assault) qu\u1ea3n l\u00fd. FCT l\u00e0 \u0111\u1ed9i ng\u0169 li\u00ean ng\u00e0nh c\u00f3 quy m\u00f4 ... Read more\" \/>\n<meta property=\"og:url\" content=\"https:\/\/youhavetherightco.org\/vi\/about\/\" \/>\n<meta property=\"og:site_name\" content=\"You Have the Right CO\" \/>\n<meta property=\"article:publisher\" content=\"https:\/\/www.facebook.com\/ccasa.colorado\" \/>\n<meta property=\"article:modified_time\" content=\"2024-01-29T17:15:17+00:00\" \/>\n<meta property=\"og:image\" content=\"https:\/\/youhavetherightco.org\/wp-content\/uploads\/2021\/02\/YHTR-social-share-graphic.jpg\" \/>\n\t<meta property=\"og:image:width\" content=\"1200\" \/>\n\t<meta property=\"og:image:height\" content=\"630\" \/>\n\t<meta property=\"og:image:type\" content=\"image\/jpeg\" \/>\n<meta name=\"twitter:card\" content=\"summary_large_image\" \/>\n<meta name=\"twitter:site\" content=\"@ccasacolorado\" \/>\n<meta name=\"twitter:label1\" content=\"Est. reading time\" \/>\n\t<meta name=\"twitter:data1\" content=\"2 minutes\" \/>\n<script type=\"application\/ld+json\" class=\"yoast-schema-graph\">{\"@context\":\"https:\\\/\\\/schema.org\",\"@graph\":[{\"@type\":\"WebPage\",\"@id\":\"https:\\\/\\\/youhavetherightco.org\\\/vi\\\/about\\\/\",\"url\":\"https:\\\/\\\/youhavetherightco.org\\\/vi\\\/about\\\/\",\"name\":\"Gi\u1edbi thi\u1ec7u v\u1ec1 ch\u00fang t\u00f4i - You Have the Right CO\",\"isPartOf\":{\"@id\":\"https:\\\/\\\/youhavetherightco.org\\\/#website\"},\"datePublished\":\"2020-07-17T13:44:45+00:00\",\"dateModified\":\"2024-01-29T17:15:17+00:00\",\"breadcrumb\":{\"@id\":\"https:\\\/\\\/youhavetherightco.org\\\/vi\\\/about\\\/#breadcrumb\"},\"inLanguage\":\"vi-VN\",\"potentialAction\":[{\"@type\":\"ReadAction\",\"target\":[\"https:\\\/\\\/youhavetherightco.org\\\/vi\\\/about\\\/\"]}]},{\"@type\":\"BreadcrumbList\",\"@id\":\"https:\\\/\\\/youhavetherightco.org\\\/vi\\\/about\\\/#breadcrumb\",\"itemListElement\":[{\"@type\":\"ListItem\",\"position\":1,\"name\":\"Home\",\"item\":\"https:\\\/\\\/youhavetherightco.org\\\/vi\\\/\"},{\"@type\":\"ListItem\",\"position\":2,\"name\":\"Gi\u1edbi thi\u1ec7u v\u1ec1 ch\u00fang t\u00f4i\"}]},{\"@type\":\"WebSite\",\"@id\":\"https:\\\/\\\/youhavetherightco.org\\\/#website\",\"url\":\"https:\\\/\\\/youhavetherightco.org\\\/\",\"name\":\"You Have the Right CO\",\"description\":\"Sexual Assault Reporting Assistance in Colorado\",\"publisher\":{\"@id\":\"https:\\\/\\\/youhavetherightco.org\\\/#organization\"},\"potentialAction\":[{\"@type\":\"SearchAction\",\"target\":{\"@type\":\"EntryPoint\",\"urlTemplate\":\"https:\\\/\\\/youhavetherightco.org\\\/?s={search_term_string}\"},\"query-input\":{\"@type\":\"PropertyValueSpecification\",\"valueRequired\":true,\"valueName\":\"search_term_string\"}}],\"inLanguage\":\"vi-VN\"},{\"@type\":\"Organization\",\"@id\":\"https:\\\/\\\/youhavetherightco.org\\\/#organization\",\"name\":\"CCASA\",\"url\":\"https:\\\/\\\/youhavetherightco.org\\\/\",\"logo\":{\"@type\":\"ImageObject\",\"inLanguage\":\"vi-VN\",\"@id\":\"https:\\\/\\\/youhavetherightco.org\\\/#\\\/schema\\\/logo\\\/image\\\/\",\"url\":\"https:\\\/\\\/youhavetherightco.org\\\/wp-content\\\/uploads\\\/2017\\\/05\\\/yhtr-footer-logi.png\",\"contentUrl\":\"https:\\\/\\\/youhavetherightco.org\\\/wp-content\\\/uploads\\\/2017\\\/05\\\/yhtr-footer-logi.png\",\"width\":200,\"height\":66,\"caption\":\"CCASA\"},\"image\":{\"@id\":\"https:\\\/\\\/youhavetherightco.org\\\/#\\\/schema\\\/logo\\\/image\\\/\"},\"sameAs\":[\"https:\\\/\\\/www.facebook.com\\\/ccasa.colorado\",\"https:\\\/\\\/x.com\\\/ccasacolorado\"]}]}<\/script>\n<!-- \/ Yoast SEO plugin. -->","yoast_head_json":{"title":"Gi\u1edbi thi\u1ec7u v\u1ec1 ch\u00fang t\u00f4i - You Have the Right CO","robots":{"index":"index","follow":"follow","max-snippet":"max-snippet:-1","max-image-preview":"max-image-preview:large","max-video-preview":"max-video-preview:-1"},"canonical":"https:\/\/youhavetherightco.org\/vi\/about\/","og_locale":"vi_VN","og_type":"article","og_title":"Gi\u1edbi thi\u1ec7u v\u1ec1 ch\u00fang t\u00f4i - You Have the Right CO","og_description":"[vc_row][vc_column][vc_column_text] Gi\u1edbi thi\u1ec7u v\u1ec1 ch\u00fang t\u00f4i [\/vc_column_text][\/vc_column][\/vc_row][vc_row][vc_column][vc_column_text]Chi\u1ebfn d\u1ecbch \u201cB\u1ea1n C\u00f3 Quy\u1ec1n\u201d l\u00e0 d\u1ef1 \u00e1n c\u1ee7a \u0110\u1ed9i Tu\u00e2n Th\u1ee7 &#8211; C\u01a1 Quan Ph\u00e1p Y Colorado (Colorado Forensic Compliance Team (FCT)) v\u00e0 do Li\u00ean Minh Ch\u1ed1ng T\u1ea5n C\u00f4ng T\u00ecnh D\u1ee5c Colorado (Colorado Coalition Against Sexual Assault) qu\u1ea3n l\u00fd. FCT l\u00e0 \u0111\u1ed9i ng\u0169 li\u00ean ng\u00e0nh c\u00f3 quy m\u00f4 ... Read more","og_url":"https:\/\/youhavetherightco.org\/vi\/about\/","og_site_name":"You Have the Right CO","article_publisher":"https:\/\/www.facebook.com\/ccasa.colorado","article_modified_time":"2024-01-29T17:15:17+00:00","og_image":[{"width":1200,"height":630,"url":"https:\/\/youhavetherightco.org\/wp-content\/uploads\/2021\/02\/YHTR-social-share-graphic.jpg","type":"image\/jpeg"}],"twitter_card":"summary_large_image","twitter_site":"@ccasacolorado","twitter_misc":{"Est. reading time":"2 minutes"},"schema":{"@context":"https:\/\/schema.org","@graph":[{"@type":"WebPage","@id":"https:\/\/youhavetherightco.org\/vi\/about\/","url":"https:\/\/youhavetherightco.org\/vi\/about\/","name":"Gi\u1edbi thi\u1ec7u v\u1ec1 ch\u00fang t\u00f4i - You Have the Right CO","isPartOf":{"@id":"https:\/\/youhavetherightco.org\/#website"},"datePublished":"2020-07-17T13:44:45+00:00","dateModified":"2024-01-29T17:15:17+00:00","breadcrumb":{"@id":"https:\/\/youhavetherightco.org\/vi\/about\/#breadcrumb"},"inLanguage":"vi-VN","potentialAction":[{"@type":"ReadAction","target":["https:\/\/youhavetherightco.org\/vi\/about\/"]}]},{"@type":"BreadcrumbList","@id":"https:\/\/youhavetherightco.org\/vi\/about\/#breadcrumb","itemListElement":[{"@type":"ListItem","position":1,"name":"Home","item":"https:\/\/youhavetherightco.org\/vi\/"},{"@type":"ListItem","position":2,"name":"Gi\u1edbi thi\u1ec7u v\u1ec1 ch\u00fang t\u00f4i"}]},{"@type":"WebSite","@id":"https:\/\/youhavetherightco.org\/#website","url":"https:\/\/youhavetherightco.org\/","name":"You Have the Right CO","description":"Sexual Assault Reporting Assistance in Colorado","publisher":{"@id":"https:\/\/youhavetherightco.org\/#organization"},"potentialAction":[{"@type":"SearchAction","target":{"@type":"EntryPoint","urlTemplate":"https:\/\/youhavetherightco.org\/?s={search_term_string}"},"query-input":{"@type":"PropertyValueSpecification","valueRequired":true,"valueName":"search_term_string"}}],"inLanguage":"vi-VN"},{"@type":"Organization","@id":"https:\/\/youhavetherightco.org\/#organization","name":"CCASA","url":"https:\/\/youhavetherightco.org\/","logo":{"@type":"ImageObject","inLanguage":"vi-VN","@id":"https:\/\/youhavetherightco.org\/#\/schema\/logo\/image\/","url":"https:\/\/youhavetherightco.org\/wp-content\/uploads\/2017\/05\/yhtr-footer-logi.png","contentUrl":"https:\/\/youhavetherightco.org\/wp-content\/uploads\/2017\/05\/yhtr-footer-logi.png","width":200,"height":66,"caption":"CCASA"},"image":{"@id":"https:\/\/youhavetherightco.org\/#\/schema\/logo\/image\/"},"sameAs":["https:\/\/www.facebook.com\/ccasa.colorado","https:\/\/x.com\/ccasacolorado"]}]}},"_links":{"self":[{"href":"https:\/\/youhavetherightco.org\/vi\/wp-json\/wp\/v2\/pages\/4314","targetHints":{"allow":["GET"]}}],"collection":[{"href":"https:\/\/youhavetherightco.org\/vi\/wp-json\/wp\/v2\/pages"}],"about":[{"href":"https:\/\/youhavetherightco.org\/vi\/wp-json\/wp\/v2\/types\/page"}],"author":[{"embeddable":true,"href":"https:\/\/youhavetherightco.org\/vi\/wp-json\/wp\/v2\/users\/3"}],"replies":[{"embeddable":true,"href":"https:\/\/youhavetherightco.org\/vi\/wp-json\/wp\/v2\/comments?post=4314"}],"version-history":[{"count":0,"href":"https:\/\/youhavetherightco.org\/vi\/wp-json\/wp\/v2\/pages\/4314\/revisions"}],"wp:attachment":[{"href":"https:\/\/youhavetherightco.org\/vi\/wp-json\/wp\/v2\/media?parent=4314"}],"curies":[{"name":"wp","href":"https:\/\/api.w.org\/{rel}","templated":true}]}}